{"id":2,"date":"2026-03-12T09:43:44","date_gmt":"2026-03-12T09:43:44","guid":{"rendered":"http:\/\/taunow.be\/?page_id=2"},"modified":"2026-03-24T22:44:02","modified_gmt":"2026-03-24T22:44:02","slug":"sample-page","status":"publish","type":"page","link":"https:\/\/taunow.be\/?page_id=2","title":{"rendered":"A propos de nous&#8230;"},"content":{"rendered":"\n<p>Notre association de jeu de r\u00f4le a vu le jour  en 2007, dans le cadre de l&#8217;organisation du jeu de la faction Taunow \u00e0 Avatar, un jeu de r\u00f4les belge \u00e0 pr\u00e9sent termin\u00e9.<\/p>\n\n\n\n<p>Notre bar s&#8217;appelait  l&#8217;\u00e9poque le Troll Scandaleux. nous y avons vendu un max de bi\u00e8res et le patrimoine qui en a r\u00e9sult\u00e9 nous sert toujours \u00e0 faire du GN!<\/p>\n\n\n\n<p><\/p>\n","protected":false},"excerpt":{"rendered":"<p>Notre association de jeu de r\u00f4le a vu le jour en 2007, dans le cadre de l&#8217;organisation du jeu de la faction Taunow \u00e0 Avatar, un jeu de r\u00f4les belge \u00e0 pr\u00e9sent termin\u00e9. Notre bar s&#8217;appelait l&#8217;\u00e9poque le Troll Scandaleux. nous y avons vendu un max de bi\u00e8res et le patrimoine qui en a r\u00e9sult\u00e9 [&hellip;]<\/p>\n","protected":false},"author":1,"featured_media":0,"parent":0,"menu_order":0,"comment_status":"closed","ping_status":"open","template":"","meta":{"footnotes":""},"class_list":["post-2","page","type-page","status-publish","hentry"],"_links":{"self":[{"href":"https:\/\/taunow.be\/index.php?rest_route=\/wp\/v2\/pages\/2","targetHints":{"allow":["GET"]}}],"collection":[{"href":"https:\/\/taunow.be\/index.php?rest_route=\/wp\/v2\/pages"}],"about":[{"href":"https:\/\/taunow.be\/index.php?rest_route=\/wp\/v2\/types\/page"}],"author":[{"embeddable":true,"href":"https:\/\/taunow.be\/index.php?rest_route=\/wp\/v2\/users\/1"}],"replies":[{"embeddable":true,"href":"https:\/\/taunow.be\/index.php?rest_route=%2Fwp%2Fv2%2Fcomments&post=2"}],"version-history":[{"count":1,"href":"https:\/\/taunow.be\/index.php?rest_route=\/wp\/v2\/pages\/2\/revisions"}],"predecessor-version":[{"id":18,"href":"https:\/\/taunow.be\/index.php?rest_route=\/wp\/v2\/pages\/2\/revisions\/18"}],"wp:attachment":[{"href":"https:\/\/taunow.be\/index.php?rest_route=%2Fwp%2Fv2%2Fmedia&parent=2"}],"curies":[{"name":"wp","href":"https:\/\/api.w.org\/{rel}","templated":true}]}}